{"id":2,"date":"2016-05-10T03:48:21","date_gmt":"2016-05-10T03:48:21","guid":{"rendered":"http:\/\/grafikus.absurd.hu\/?page_id=2"},"modified":"2025-06-03T09:58:43","modified_gmt":"2025-06-03T07:58:43","slug":"home","status":"publish","type":"page","link":"https:\/\/grafikus.absurd.hu\/","title":{"rendered":"F\u0151oldal"},"content":{"rendered":"<p>[et_pb_section fb_built=&#8221;1&#8243; fullwidth=&#8221;on&#8221; _builder_version=&#8221;4.16&#8243; background_color=&#8221;rgba(0,0,0,0)&#8221; background_enable_image=&#8221;off&#8221; global_colors_info=&#8221;{}&#8221;][et_pb_fullwidth_header title=&#8221;K\u00d6LCS\u00d6NADJUK A LEGJOBB GRAFIKUSUNKAT!&#8221; title_last_edited=&#8221;off|desktop&#8221; _builder_version=&#8221;4.16&#8243; title_font=&#8221;Rubik||||||||&#8221; title_font_size=&#8221;48px&#8221; title_line_height=&#8221;1.2em&#8221; background_color=&#8221;#f68028&#8243; background_enable_image=&#8221;off&#8221; custom_margin=&#8221;|||-30px|false|false&#8221; custom_padding=&#8221;35px|0px|25px|0px|false|true&#8221; title_font_size_tablet=&#8221;42px&#8221; title_font_size_phone=&#8221;30px&#8221; title_font_size_last_edited=&#8221;on|desktop&#8221; global_colors_info=&#8221;{}&#8221; title__hover_enabled=&#8221;on|desktop&#8221; title__hover=&#8221;K\u00d6LCS\u00d6NADJUK A LEGJOBB GRAFIKUSUNKAT!&#8221;][\/et_pb_fullwidth_header][et_pb_fullwidth_header logo_image_url=&#8221;https:\/\/grafikus.absurd.hu\/wp-content\/uploads\/2020\/12\/absurd-design-studio.png&#8221; header_image_url=&#8221;https:\/\/grafikus.absurd.hu\/wp-content\/uploads\/2020\/06\/grafikusok-1.png&#8221; _builder_version=&#8221;4.16&#8243; title_font_size=&#8221;36px&#8221; content_font=&#8221;Rubik|300|||||||&#8221; content_text_color=&#8221;#303030&#8243; content_font_size=&#8221;22px&#8221; content_line_height=&#8221;1.8em&#8221; background_color=&#8221;#FFFFFF&#8221; background_enable_image=&#8221;off&#8221; parallax=&#8221;on&#8221; background_layout=&#8221;light&#8221; custom_padding=&#8221;||30px||false|false&#8221; global_colors_info=&#8221;{}&#8221; header_image_url__hover_enabled=&#8221;on|desktop&#8221; header_image_url__hover=&#8221;https:\/\/grafikus.absurd.hu\/wp-content\/uploads\/2020\/06\/grafikusok-1.png&#8221;]<\/p>\n<p>&nbsp;<\/p>\n<ul>\n<li>Alkalmank\u00e9nt sz\u00fcks\u00e9ge lenne egy hozz\u00e1\u00e9rt\u0151 grafikusra?<\/li>\n<\/ul>\n<p><strong><\/strong><\/p>\n<ul>\n<li>T\u00fal dr\u00e1ga az \u00fcgyn\u00f6ks\u00e9gek kreat\u00edv tervez\u00e9si d\u00edja?<\/li>\n<\/ul>\n<ul>\n<li>Gondot okoz, hogy nincs aki <strong>azonnal megval\u00f3s\u00edtsa<\/strong> elk\u00e9pzel\u00e9seit?<\/li>\n<\/ul>\n<ul>\n<li>Folyamatos grafikai \/ webes munk\u00e1i lenn\u00e9nek,\u00a0de <strong>t\u00fal dr\u00e1ga lenne<\/strong> alkalmazni egy embert?<\/li>\n<\/ul>\n<p>[\/et_pb_fullwidth_header][et_pb_fullwidth_header header_scroll_down=&#8221;on&#8221; scroll_down_icon=&#8221;%%0%%&#8221; scroll_down_icon_size=&#8221;28px&#8221; background_overlay_color=&#8221;#d6d6d6&#8243; header_image_url=&#8221;http:\/\/grafikus.absurd.hu\/wp-content\/uploads\/2023\/01\/fix_oradij-10000.png&#8221; _builder_version=&#8221;4.16&#8243; content_font=&#8221;Rubik|300|||||||&#8221; content_text_color=&#8221;#303030&#8243; content_font_size=&#8221;22px&#8221; content_line_height=&#8221;1.9em&#8221; background_color=&#8221;#e6e6e6&#8243; background_enable_image=&#8221;off&#8221; background_layout=&#8221;light&#8221; custom_padding=&#8221;40px|||||&#8221; global_colors_info=&#8221;{}&#8221; header_image_url__hover_enabled=&#8221;on|desktop&#8221; header_image_url__hover=&#8221;http:\/\/grafikus.absurd.hu\/wp-content\/uploads\/2023\/01\/fix_oradij-10000.png&#8221;]<\/p>\n<ul>\n<li style=\"margin-bottom: 20px;\"><strong>Tesztelje ingyen<\/strong> <strong>munk\u00e1val<\/strong> tervez\u0151 grafikusainkat, \u00e9s rendelkezzen annak a kolleg\u00e1nak az idej\u00e9vel, akinek a munk\u00e1ja legjobban tetszik.<\/li>\n<li style=\"margin-bottom: 20px;\">\u00d6nnek csak az elv\u00e9gzett munk\u00e1k ut\u00e1ni \u00f3rad\u00edjat kell kifizetnie, havi elsz\u00e1mol\u00e1ssal.<\/li>\n<li>0 Ft havi k\u00f6lts\u00e9g\u00a0\u00a0\u2022\u00a0\u00a00 % kock\u00e1zat<br \/> \u2022\u00a0\u00a0100% rendelkez\u00e9sre \u00e1ll\u00e1s!<\/li>\n<\/ul>\n<p>[\/et_pb_fullwidth_header][\/et_pb_section][et_pb_section fb_built=&#8221;1&#8243; _builder_version=&#8221;4.16&#8243; custom_padding=&#8221;||10px||false|false&#8221; global_colors_info=&#8221;{}&#8221;][et_pb_row _builder_version=&#8221;4.16&#8243; global_colors_info=&#8221;{}&#8221;][et_pb_column type=&#8221;4_4&#8243; _builder_version=&#8221;4.16&#8243; global_colors_info=&#8221;{}&#8221;][et_pb_text _builder_version=&#8221;4.16&#8243; text_font=&#8221;Rubik|700||on|||||&#8221; text_text_color=&#8221;#303030&#8243; text_font_size=&#8221;30px&#8221; text_font_tablet=&#8221;&#8221; text_font_phone=&#8221;&#8221; text_font_last_edited=&#8221;on|phone&#8221; global_colors_info=&#8221;{}&#8221;]<\/p>\n<p style=\"text-align: center;\">Referenci\u00e1ink<\/p>\n<p>[\/et_pb_text][\/et_pb_column][\/et_pb_row][\/et_pb_section][et_pb_section fb_built=&#8221;1&#8243; _builder_version=&#8221;4.16&#8243; background_color=&#8221;#FFFFFF&#8221; custom_padding=&#8221;11px||9px|||&#8221; global_colors_info=&#8221;{}&#8221;][et_pb_row column_structure=&#8221;1_2,1_2&#8243; use_custom_gutter=&#8221;on&#8221; gutter_width=&#8221;1&#8243; make_equal=&#8221;on&#8221; _builder_version=&#8221;4.16&#8243; width=&#8221;100%&#8221; max_width=&#8221;1686px&#8221; module_alignment=&#8221;center&#8221; custom_margin=&#8221;||0px||false|false&#8221; custom_padding=&#8221;4px||0px|||&#8221; global_colors_info=&#8221;{}&#8221;][et_pb_column type=&#8221;1_2&#8243; _builder_version=&#8221;4.16&#8243; global_colors_info=&#8221;{}&#8221;][et_pb_text _builder_version=&#8221;4.16&#8243; text_font=&#8221;Rubik||||||||&#8221; text_font_size=&#8221;21px&#8221; min_height=&#8221;32px&#8221; custom_margin=&#8221;||-1px|||&#8221; custom_padding=&#8221;||20px||false|false&#8221; global_colors_info=&#8221;{}&#8221;]<\/p>\n<p style=\"text-align: center;\">Webgrafika, webdesign<\/p>\n<p>[\/et_pb_text][et_pb_gallery gallery_ids=&#8221;30446,30447,30448,30449,30450,30451,30452&#8243; fullwidth=&#8221;on&#8221; _builder_version=&#8221;4.16&#8243; title_font_size=&#8221;16px&#8221; background_color=&#8221;#FFFFFF&#8221; custom_margin=&#8221;0px|20px|0px|20px|false|true&#8221; custom_padding=&#8221;0px|0px|0px|20px|false|false&#8221; global_colors_info=&#8221;{}&#8221;][\/et_pb_gallery][\/et_pb_column][et_pb_column type=&#8221;1_2&#8243; _builder_version=&#8221;4.16&#8243; global_colors_info=&#8221;{}&#8221;][et_pb_text _builder_version=&#8221;4.16&#8243; text_font=&#8221;Rubik||||||||&#8221; text_font_size=&#8221;21px&#8221; min_height=&#8221;32px&#8221; custom_margin=&#8221;||-1px|||&#8221; custom_padding=&#8221;||20px||false|false&#8221; global_colors_info=&#8221;{}&#8221;]<\/p>\n<p style=\"text-align: center;\">Log\u00f3tervez\u00e9s<\/p>\n<p>[\/et_pb_text][et_pb_gallery gallery_ids=&#8221;30435,30436,30437,30438,30439,30440,30441,30442&#8243; fullwidth=&#8221;on&#8221; _builder_version=&#8221;4.16&#8243; title_font_size=&#8221;16px&#8221; background_color=&#8221;rgba(0,0,0,0)&#8221; custom_margin=&#8221;0px|20px|0px|20px|false|true&#8221; custom_padding=&#8221;0px|20px|0px||false|false&#8221; global_colors_info=&#8221;{}&#8221;][\/et_pb_gallery][\/et_pb_column][\/et_pb_row][et_pb_row column_structure=&#8221;1_2,1_2&#8243; use_custom_gutter=&#8221;on&#8221; gutter_width=&#8221;1&#8243; make_equal=&#8221;on&#8221; _builder_version=&#8221;4.16&#8243; width=&#8221;100%&#8221; max_width=&#8221;1686px&#8221; module_alignment=&#8221;center&#8221; custom_margin=&#8221;||0px||false|false&#8221; custom_padding=&#8221;4px||0px|||&#8221; global_colors_info=&#8221;{}&#8221;][et_pb_column type=&#8221;1_2&#8243; _builder_version=&#8221;4.16&#8243; global_colors_info=&#8221;{}&#8221;][et_pb_text _builder_version=&#8221;4.16&#8243; text_font=&#8221;Rubik||||||||&#8221; text_font_size=&#8221;21px&#8221; min_height=&#8221;32px&#8221; custom_margin=&#8221;||-1px|||&#8221; custom_padding=&#8221;20px||20px||false|false&#8221; global_colors_info=&#8221;{}&#8221;]<\/p>\n<p style=\"text-align: center;\">Kiadv\u00e1nyszerkeszt\u00e9s<\/p>\n<p>[\/et_pb_text][et_pb_gallery gallery_ids=&#8221;30462,30469,30458,30460,30463,30459,30461,30464,30465,30457,30456,30466,30467,30468&#8243; fullwidth=&#8221;on&#8221; _builder_version=&#8221;4.16&#8243; title_font_size=&#8221;16px&#8221; background_color=&#8221;#FFFFFF&#8221; custom_margin=&#8221;0px|20px|0px|20px|false|true&#8221; custom_padding=&#8221;0px|0px|0px|20px|false|false&#8221; global_colors_info=&#8221;{}&#8221;][\/et_pb_gallery][\/et_pb_column][et_pb_column type=&#8221;1_2&#8243; _builder_version=&#8221;4.16&#8243; global_colors_info=&#8221;{}&#8221;][et_pb_text _builder_version=&#8221;4.16&#8243; text_font=&#8221;Rubik||||||||&#8221; text_font_size=&#8221;21px&#8221; min_height=&#8221;32px&#8221; custom_margin=&#8221;||-1px|||&#8221; custom_padding=&#8221;20px||20px||false|false&#8221; global_colors_info=&#8221;{}&#8221;]<\/p>\n<p style=\"text-align: center;\">3D grafika<\/p>\n<p>[\/et_pb_text][et_pb_gallery gallery_ids=&#8221;30673,30519,30518,30679,30681,30677,30678&#8243; fullwidth=&#8221;on&#8221; _builder_version=&#8221;4.16&#8243; title_font_size=&#8221;16px&#8221; background_color=&#8221;#FFFFFF&#8221; custom_margin=&#8221;0px|20px|0px|20px|false|true&#8221; custom_padding=&#8221;0px|20px|0px||false|false&#8221; global_colors_info=&#8221;{}&#8221;][\/et_pb_gallery][\/et_pb_column][\/et_pb_row][\/et_pb_section][et_pb_section fb_built=&#8221;1&#8243; _builder_version=&#8221;4.16&#8243; background_color=&#8221;#242424&#8243; background_image=&#8221;https:\/\/grafikus.absurd.hu\/wp-content\/uploads\/2020\/06\/fekete.jpg&#8221; parallax=&#8221;on&#8221; custom_margin=&#8221;70px||||false|false&#8221; global_colors_info=&#8221;{}&#8221;][et_pb_row _builder_version=&#8221;4.16&#8243; global_colors_info=&#8221;{}&#8221;][et_pb_column type=&#8221;4_4&#8243; _builder_version=&#8221;4.16&#8243; global_colors_info=&#8221;{}&#8221;][et_pb_text _builder_version=&#8221;4.16&#8243; text_font=&#8221;Rubik|300|||||||&#8221; text_text_color=&#8221;#FFFFFF&#8221; text_font_size=&#8221;27px&#8221; text_line_height=&#8221;1.8em&#8221; global_colors_info=&#8221;{}&#8221;]<\/p>\n<h1><span style=\"color: #ffffff; font-size: 36px;\">Tegyen egy pr\u00f3b\u00e1t!<\/span><\/h1>\n<p>Adja meg el\u00e9rhet\u0151s\u00e9geit, \u00e9s visszah\u00edvjuk![\/et_pb_text][\/et_pb_column][\/et_pb_row][et_pb_row _builder_version=&#8221;4.16&#8243; width=&#8221;100%&#8221; module_alignment=&#8221;center&#8221; custom_margin=&#8221;|213px||493px||&#8221; global_colors_info=&#8221;{}&#8221;][et_pb_column type=&#8221;4_4&#8243; _builder_version=&#8221;4.16&#8243; global_colors_info=&#8221;{}&#8221;][et_pb_contact_form email=&#8221;info@absurd.hu&#8221; use_redirect=&#8221;on&#8221; redirect_url=&#8221;https:\/\/grafikus.absurd.hu\/?page_id=30649&#8243; _builder_version=&#8221;4.27.4&#8243; _unique_id=&#8221;9300f18d-1f6e-47d6-9c8a-0702bd41066b&#8221; form_field_text_color=&#8221;#afafaf&#8221; form_field_focus_text_color=&#8221;#c9c9c9&#8243; title_font=&#8221;Rubik||||||||&#8221; title_text_color=&#8221;#ffffff&#8221; captcha_font=&#8221;|600|||||||&#8221; captcha_text_color=&#8221;#FFFFFF&#8221; captcha_font_size=&#8221;14px&#8221; custom_button=&#8221;on&#8221; button_text_color=&#8221;#FFFFFF&#8221; module_alignment=&#8221;left&#8221; custom_margin=&#8221;|||-3px||&#8221; custom_padding=&#8221;0px|20px|0px|20px|true|true&#8221; hover_enabled=&#8221;0&#8243; global_colors_info=&#8221;{}&#8221; sticky_enabled=&#8221;0&#8243;][et_pb_contact_field field_id=&#8221;N\u00e9v&#8221; field_title=&#8221;N\u00e9v:&#8221; fullwidth_field=&#8221;on&#8221; _builder_version=&#8221;4.16&#8243; form_field_text_color=&#8221;#777777&#8243; form_field_focus_text_color=&#8221;#777777&#8243; global_colors_info=&#8221;{}&#8221;][\/et_pb_contact_field][et_pb_contact_field field_id=&#8221;cegnev&#8221; field_title=&#8221;C\u00e9gn\u00e9v:&#8221; required_mark=&#8221;off&#8221; fullwidth_field=&#8221;on&#8221; field_title_tablet=&#8221;&#8221; field_title_phone=&#8221;&#8221; field_title_last_edited=&#8221;on|desktop&#8221; _builder_version=&#8221;4.16&#8243; form_field_text_color=&#8221;#777777&#8243; form_field_focus_text_color=&#8221;#777777&#8243; global_colors_info=&#8221;{}&#8221;][\/et_pb_contact_field][et_pb_contact_field field_id=&#8221;Email_c\u00edm&#8221; field_title=&#8221;Az \u00d6n e-mail c\u00edme:&#8221; fullwidth_field=&#8221;on&#8221; _builder_version=&#8221;4.16&#8243; form_field_text_color=&#8221;#777777&#8243; form_field_focus_text_color=&#8221;#777777&#8243; global_colors_info=&#8221;{}&#8221;][\/et_pb_contact_field][et_pb_contact_field field_id=&#8221;Telefonsz\u00e1ma:&#8221; field_title=&#8221;Telefonsz\u00e1m&#8221; fullwidth_field=&#8221;on&#8221; _builder_version=&#8221;4.16&#8243; form_field_text_color=&#8221;#777777&#8243; form_field_focus_text_color=&#8221;#777777&#8243; global_colors_info=&#8221;{}&#8221;][\/et_pb_contact_field][et_pb_contact_field field_id=&#8221;Message&#8221; field_title=&#8221;\u00dczenet:&#8221; field_type=&#8221;text&#8221; fullwidth_field=&#8221;on&#8221; _builder_version=&#8221;4.16&#8243; form_field_text_color=&#8221;#777777&#8243; form_field_focus_text_color=&#8221;#777777&#8243; global_colors_info=&#8221;{}&#8221; button_text_size__hover_enabled=&#8221;off&#8221; button_one_text_size__hover_enabled=&#8221;off&#8221; button_two_text_size__hover_enabled=&#8221;off&#8221; button_text_color__hover_enabled=&#8221;off&#8221; button_one_text_color__hover_enabled=&#8221;off&#8221; button_two_text_color__hover_enabled=&#8221;off&#8221; button_border_width__hover_enabled=&#8221;off&#8221; button_one_border_width__hover_enabled=&#8221;off&#8221; button_two_border_width__hover_enabled=&#8221;off&#8221; button_border_color__hover_enabled=&#8221;off&#8221; button_one_border_color__hover_enabled=&#8221;off&#8221; button_two_border_color__hover_enabled=&#8221;off&#8221; button_border_radius__hover_enabled=&#8221;off&#8221; button_one_border_radius__hover_enabled=&#8221;off&#8221; button_two_border_radius__hover_enabled=&#8221;off&#8221; button_letter_spacing__hover_enabled=&#8221;off&#8221; button_one_letter_spacing__hover_enabled=&#8221;off&#8221; button_two_letter_spacing__hover_enabled=&#8221;off&#8221; button_bg_color__hover_enabled=&#8221;off&#8221; button_one_bg_color__hover_enabled=&#8221;off&#8221; button_two_bg_color__hover_enabled=&#8221;off&#8221;][\/et_pb_contact_field][et_pb_contact_field field_id=&#8221;adatvedelem&#8221; field_title=&#8221;Adatv\u00e9delem&#8221; field_type=&#8221;checkbox&#8221; checkbox_options=&#8221;%91{%22value%22:%22Az%22,%22checked%22:0,%22dragID%22:-1,%22link_url%22:%22https:\/\/www.absurd.hu\/adatvedelmi-tajekoztato%22,%22link_text%22:%22 Adatv\u00e9delmi szab\u00e1lyzatot elfogadom.%22}%93&#8243; fullwidth_field=&#8221;on&#8221; _builder_version=&#8221;4.16&#8243; background_color=&#8221;rgba(0,0,0,0)&#8221; background_enable_color=&#8221;on&#8221; link_option_url_new_window=&#8221;on&#8221; global_colors_info=&#8221;{}&#8221;][\/et_pb_contact_field][\/et_pb_contact_form][\/et_pb_column][\/et_pb_row][\/et_pb_section][et_pb_section fb_built=&#8221;1&#8243; _builder_version=&#8221;4.16&#8243; background_color=&#8221;#242424&#8243; custom_padding=&#8221;20px||20px||true|false&#8221; global_colors_info=&#8221;{}&#8221;][et_pb_row _builder_version=&#8221;4.16&#8243; global_colors_info=&#8221;{}&#8221;][et_pb_column type=&#8221;4_4&#8243; _builder_version=&#8221;4.16&#8243; global_colors_info=&#8221;{}&#8221;][et_pb_text _builder_version=&#8221;4.16&#8243; text_font=&#8221;Rubik|300|||||||&#8221; text_text_color=&#8221;#c6c6c6&#8243; text_font_size=&#8221;17px&#8221; global_colors_info=&#8221;{}&#8221;]<\/p>\n<p style=\"text-align: center;\">Telefon: +36 22 502 525\u00a0\u00a0 |\u00a0\u00a0 E-mail: <a href=\"mailto:info@absurd.hu\">info@absurd.hu<\/a><\/p>\n<p>[\/et_pb_text][\/et_pb_column][\/et_pb_row][et_pb_row _builder_version=&#8221;4.16&#8243; custom_padding=&#8221;10px||||false|false&#8221; global_colors_info=&#8221;{}&#8221;][et_pb_column type=&#8221;4_4&#8243; _builder_version=&#8221;4.16&#8243; global_colors_info=&#8221;{}&#8221;][et_pb_image src=&#8221;https:\/\/grafikus.absurd.hu\/wp-content\/uploads\/2020\/05\/Absurd-DESIGNSTUDIO-Log\u00f3-feher2.png&#8221; title_text=&#8221;Absurd-DESIGNSTUDIO-Log\u00f3-feher2&#8243; align=&#8221;center&#8221; _builder_version=&#8221;4.16&#8243; background_color=&#8221;rgba(0,0,0,0)&#8221; global_colors_info=&#8221;{}&#8221;][\/et_pb_image][\/et_pb_column][\/et_pb_row][\/et_pb_section]<\/p>\n","protected":false},"excerpt":{"rendered":"<p>&nbsp; Alkalmank\u00e9nt sz\u00fcks\u00e9ge lenne egy hozz\u00e1\u00e9rt\u0151 grafikusra? T\u00fal dr\u00e1ga az \u00fcgyn\u00f6ks\u00e9gek kreat\u00edv tervez\u00e9si d\u00edja? Gondot okoz, hogy nincs aki azonnal megval\u00f3s\u00edtsa elk\u00e9pzel\u00e9seit? Folyamatos grafikai \/ webes munk\u00e1i lenn\u00e9nek,\u00a0de t\u00fal dr\u00e1ga lenne alkalmazni egy embert? Tesztelje ingyen munk\u00e1val tervez\u0151 grafikusainkat, \u00e9s rendelkezzen annak a kolleg\u00e1nak az idej\u00e9vel, akinek a munk\u00e1ja legjobban tetszik. \u00d6nnek csak az elv\u00e9gzett [&hellip;]<\/p>\n","protected":false},"author":1,"featured_media":0,"parent":0,"menu_order":0,"comment_status":"closed","ping_status":"closed","template":"page-template-blank.php","meta":{"_et_pb_use_builder":"on","_et_pb_old_content":"This is an example page. It's different from a blog post because it will stay in one place and will show up in your site navigation (in most themes). Most people start with an About page that introduces them to potential site visitors. It might say something like this:\n<blockquote>Hi there! I'm a bike messenger by day, aspiring actor by night, and this is my website. I live in Los Angeles, have a great dog named Jack, and I like pi\u00f1a coladas. (And gettin' caught in the rain.)<\/blockquote>\n...or something like this:\n<blockquote>The XYZ Doohickey Company was founded in 1971, and has been providing quality doohickeys to the public ever since. Located in Gotham City, XYZ employs over 2,000 people and does all kinds of awesome things for the Gotham community.<\/blockquote>\nAs a new WordPress user, you should go to <a href=\"http:\/\/grafikus.absurd.hu\/wp-admin\/\">your dashboard<\/a> to delete this page and create new pages for your content. Have fun!","_et_gb_content_width":"","footnotes":""},"class_list":["post-2","page","type-page","status-publish","hentry"],"_links":{"self":[{"href":"https:\/\/grafikus.absurd.hu\/index.php?rest_route=\/wp\/v2\/pages\/2","targetHints":{"allow":["GET"]}}],"collection":[{"href":"https:\/\/grafikus.absurd.hu\/index.php?rest_route=\/wp\/v2\/pages"}],"about":[{"href":"https:\/\/grafikus.absurd.hu\/index.php?rest_route=\/wp\/v2\/types\/page"}],"author":[{"embeddable":true,"href":"https:\/\/grafikus.absurd.hu\/index.php?rest_route=\/wp\/v2\/users\/1"}],"replies":[{"embeddable":true,"href":"https:\/\/grafikus.absurd.hu\/index.php?rest_route=%2Fwp%2Fv2%2Fcomments&post=2"}],"version-history":[{"count":248,"href":"https:\/\/grafikus.absurd.hu\/index.php?rest_route=\/wp\/v2\/pages\/2\/revisions"}],"predecessor-version":[{"id":30744,"href":"https:\/\/grafikus.absurd.hu\/index.php?rest_route=\/wp\/v2\/pages\/2\/revisions\/30744"}],"wp:attachment":[{"href":"https:\/\/grafikus.absurd.hu\/index.php?rest_route=%2Fwp%2Fv2%2Fmedia&parent=2"}],"curies":[{"name":"wp","href":"https:\/\/api.w.org\/{rel}","templated":true}]}}